{"id":13517,"date":"2019-06-05T17:44:19","date_gmt":"2019-06-05T15:44:19","guid":{"rendered":"https:\/\/www.lavande-bio.fr\/produit\/lavender-soap\/"},"modified":"2026-02-24T04:03:58","modified_gmt":"2026-02-24T03:03:58","slug":"lavender-soap","status":"publish","type":"product","link":"https:\/\/www.lavande-bio.fr\/en\/produit\/lavender-soap\/","title":{"rendered":"Lavender soap"},"content":{"rendered":"\t\t<div data-elementor-type=\"section\" data-elementor-id=\"11943\" class=\"elementor elementor-11943 elementor-11661\" data-elementor-post-type=\"elementor_library\">\n\t\t\t<div class=\"elementor-element elementor-element-994a227 e-flex e-con-boxed e-con e-parent\" data-id=\"994a227\" data-element_type=\"container\" data-settings=\"{&quot;background_background&quot;:&quot;classic&quot;}\">\n\t\t\t\t\t<div class=\"e-con-inner\">\n\t\t<div class=\"elementor-element elementor-element-f9b5047 e-con-full e-flex e-con e-child\" data-id=\"f9b5047\" data-element_type=\"container\">\n\t\t\t\t<div class=\"elementor-element elementor-element-1e2ecb2 elementor-widget elementor-widget-text-editor\" data-id=\"1e2ecb2\" data-element_type=\"widget\" data-widget_type=\"text-editor.default\">\n\t\t\t\t\t\t\t\t\t<p>Cold saponification<br \/>Made in France<br \/>Savons Arthur, Nature &amp; Progr\u00e8s label holder<\/p>\n\t\t\t\t\t\t\t\t<\/div>\n\t\t\t\t<\/div>\n\t\t<div class=\"elementor-element elementor-element-e8ff378 e-con-full e-flex e-con e-child\" data-id=\"e8ff378\" data-element_type=\"container\">\n\t\t\t\t<div class=\"elementor-element elementor-element-5fef92f elementor-widget elementor-widget-image\" data-id=\"5fef92f\" data-element_type=\"widget\" data-widget_type=\"image.default\">\n\t\t\t\t\t\t\t\t\t\t\t\t\t\t\t<img decoding=\"async\" src=\"https:\/\/ea35tq5wi2i.exactdn.com\/wp-content\/uploads\/elementor\/thumbs\/nature-progres-rh9iyeq59w08cctlu9ovga1mcbweh2wed96hsvz4e8.png?strip=all&quality=90&webp=90&avif=70&w=800\" title=\"nature-progres\" alt=\"nature-progres\" loading=\"lazy\" \/>\t\t\t\t\t\t\t\t\t\t\t\t\t\t\t<\/div>\n\t\t\t\t<div class=\"elementor-element elementor-element-6f987e6 elementor-widget elementor-widget-image\" data-id=\"6f987e6\" data-element_type=\"widget\" data-widget_type=\"image.default\">\n\t\t\t\t\t\t\t\t\t\t\t\t\t\t\t<img decoding=\"async\" src=\"https:\/\/ea35tq5wi2i.exactdn.com\/wp-content\/uploads\/elementor\/thumbs\/producteurfrancais_lavande_bio-rh9iydsb31z242btuz0ql7g5tppvik6wjtmkq7bi80.png?strip=all&quality=90&webp=90&avif=70&w=800\" title=\"producteurfrancais_lavande_bio.png\" alt=\"producteurfrancais_lavande_bio.png\" loading=\"lazy\" \/>\t\t\t\t\t\t\t\t\t\t\t\t\t\t\t<\/div>\n\t\t\t\t<div class=\"elementor-element elementor-element-ed4cc87 elementor-widget elementor-widget-image\" data-id=\"ed4cc87\" data-element_type=\"widget\" data-widget_type=\"image.default\">\n\t\t\t\t\t\t\t\t\t\t\t\t\t\t\t<img decoding=\"async\" src=\"https:\/\/ea35tq5wi2i.exactdn.com\/wp-content\/uploads\/elementor\/thumbs\/bienvenue-ferme-rh9iydsb31z242btuz0ql7g5tppvik6wjtmkq7bi80.png?strip=all&quality=90&webp=90&avif=70&w=800\" title=\"bienvenue-ferme\" alt=\"bienvenue-ferme\" loading=\"lazy\" \/>\t\t\t\t\t\t\t\t\t\t\t\t\t\t\t<\/div>\n\t\t\t\t<\/div>\n\t\t\t\t\t<\/div>\n\t\t\t\t<\/div>\n\t\t\t\t<\/div>\n\t\t\n<p>Soak up the essence of Provence with our <strong>Lavender Soap<\/strong>, a <strong>natural, handcrafted soap<\/strong> made from <strong>77% cold-saponified organic olive oil<\/strong>. Ce <strong>processus traditionnel<\/strong> de saponification pr\u00e9serve toutes les propri\u00e9t\u00e9s b\u00e9n\u00e9fiques de <strong>l&#8217;huile d&#8217;olive<\/strong> et de la <strong>lavande<\/strong>, offrant une exp\u00e9rience de soin de la peau exceptionnellement douce et hydratante.<\/p>\n<p>This <strong>9% surgras<\/strong> soap enriches your skin with an extra dose of olive oil, creating a <strong>protective barrier<\/strong> that preserves your skin&#8217;s<strong>natural moisture<\/strong>. Feel the <strong>softness<\/strong> of soothing lavender, a gift from nature that softens, perfumes and soothes the skin.<\/p>\n<p>Proudly certified by<strong>&#8220;Nature et Progr\u00e8s<\/strong>&#8220;, this soap reflects <strong>our commitment to natural, environmentally-friendly cosmetics<\/strong>. It is <strong>vegan<\/strong>, <strong>not tested on animals<\/strong> and <strong>biodegradable<\/strong>. Made in France with passion and dedication, each soap is a step towards a greener world, leaving zero chemical residue in our precious waters.<\/p>\n<p><strong>Composition:<\/strong> saponified olive oil*, water, glycerine (produced during the saponification reaction), olive oil (9% surgras), lavandin essential oil*, linalool (natural compound of the essential oil). *Ingredients from organic farming.<\/p>\n<p>Savons Arthur, holder of the Nature  Progr\u00e8s label.<\/p>\n","protected":false},"excerpt":{"rendered":"<p>A 100% natural, moisturizing and biodegradable cold process soap, made with 77% organic olive oil and no palm oil.<\/p>\n<p>Ideal for pampering sensitive skin with its softness and natural moisturizing properties.<\/p>\n<p><strong>Nature &amp; Progr\u00e8s | <\/strong><strong>Cold process soap : 9% surgras | <\/strong><strong>Made in France<\/strong><\/p>\n","protected":false},"featured_media":12905,"comment_status":"open","ping_status":"closed","template":"","meta":{"_acf_changed":false},"pwb-brand":[283],"product_brand":[],"product_cat":[234],"product_tag":[],"giftcard-category":[],"class_list":{"0":"post-13517","1":"product","2":"type-product","3":"status-publish","4":"has-post-thumbnail","6":"pwb-brand-lavande-bio-berenger","7":"product_cat-soaps","9":"first","10":"instock","11":"sale","12":"taxable","13":"shipping-taxable","14":"purchasable","15":"product-type-variable"},"acf":[],"brands":[{"id":283,"name":"Lavande Bio Berenger","slug":"lavande-bio-berenger"}],"_links":{"self":[{"href":"https:\/\/www.lavande-bio.fr\/en\/wp-json\/wp\/v2\/product\/13517","targetHints":{"allow":["GET"]}}],"collection":[{"href":"https:\/\/www.lavande-bio.fr\/en\/wp-json\/wp\/v2\/product"}],"about":[{"href":"https:\/\/www.lavande-bio.fr\/en\/wp-json\/wp\/v2\/types\/product"}],"replies":[{"embeddable":true,"href":"https:\/\/www.lavande-bio.fr\/en\/wp-json\/wp\/v2\/comments?post=13517"}],"wp:featuredmedia":[{"embeddable":true,"href":"https:\/\/www.lavande-bio.fr\/en\/wp-json\/wp\/v2\/media\/12905"}],"wp:attachment":[{"href":"https:\/\/www.lavande-bio.fr\/en\/wp-json\/wp\/v2\/media?parent=13517"}],"wp:term":[{"taxonomy":"pwb-brand","embeddable":true,"href":"https:\/\/www.lavande-bio.fr\/en\/wp-json\/wp\/v2\/pwb-brand?post=13517"},{"taxonomy":"product_brand","embeddable":true,"href":"https:\/\/www.lavande-bio.fr\/en\/wp-json\/wp\/v2\/product_brand?post=13517"},{"taxonomy":"product_cat","embeddable":true,"href":"https:\/\/www.lavande-bio.fr\/en\/wp-json\/wp\/v2\/product_cat?post=13517"},{"taxonomy":"product_tag","embeddable":true,"href":"https:\/\/www.lavande-bio.fr\/en\/wp-json\/wp\/v2\/product_tag?post=13517"},{"taxonomy":"giftcard-category","embeddable":true,"href":"https:\/\/www.lavande-bio.fr\/en\/wp-json\/wp\/v2\/giftcard-category?post=13517"}],"curies":[{"name":"wp","href":"https:\/\/api.w.org\/{rel}","templated":true}]}}