{"id":16999,"date":"2026-02-09T14:30:43","date_gmt":"2026-02-09T13:30:43","guid":{"rendered":"https:\/\/www.lavande-bio.fr\/?post_type=product&#038;p=16999"},"modified":"2026-04-16T10:40:14","modified_gmt":"2026-04-16T08:40:14","slug":"bouquet-de-lavande-super-bleu-sechee","status":"publish","type":"product","link":"https:\/\/www.lavande-bio.fr\/en\/produit\/bouquet-de-lavande-super-bleu-sechee\/","title":{"rendered":"Bouquet de lavande super bleu s\u00e9ch\u00e9e"},"content":{"rendered":"<hr \/>\n\t\t<div data-elementor-type=\"section\" data-elementor-id=\"11941\" class=\"elementor elementor-11941 elementor-11289\" data-elementor-post-type=\"elementor_library\">\n\t\t\t<div class=\"elementor-element elementor-element-994a227 e-flex e-con-boxed e-con e-parent\" data-id=\"994a227\" data-element_type=\"container\" data-settings=\"{&quot;background_background&quot;:&quot;classic&quot;}\">\n\t\t\t\t\t<div class=\"e-con-inner\">\n\t\t<div class=\"elementor-element elementor-element-f9b5047 e-con-full e-flex e-con e-child\" data-id=\"f9b5047\" data-element_type=\"container\">\n\t\t\t\t<div class=\"elementor-element elementor-element-1e2ecb2 elementor-widget elementor-widget-text-editor\" data-id=\"1e2ecb2\" data-element_type=\"widget\" data-widget_type=\"text-editor.default\">\n\t\t\t\t\t\t\t\t\t<p>100% organic, pure and natural<br \/>Lavender grown, harvested and distilled in Valensole 04210 FRANCE<\/p>\n\t\t\t\t\t\t\t\t<\/div>\n\t\t\t\t<\/div>\n\t\t<div class=\"elementor-element elementor-element-e8ff378 e-con-full e-flex e-con e-child\" data-id=\"e8ff378\" data-element_type=\"container\">\n\t\t\t\t<div class=\"elementor-element elementor-element-5fef92f elementor-widget elementor-widget-image\" data-id=\"5fef92f\" data-element_type=\"widget\" data-widget_type=\"image.default\">\n\t\t\t\t\t\t\t\t\t\t\t\t\t\t\t<img decoding=\"async\" width=\"80\" height=\"80\" src=\"https:\/\/ea35tq5wi2i.exactdn.com\/wp-content\/uploads\/2024\/03\/AB_Eurofeuille_lavande_bio.png?strip=all&amp;quality=90&amp;webp=90&amp;avif=70&amp;fit=80%2C80\" class=\"attachment-large size-large wp-image-11291\" alt=\"\" title=\"\">\t\t\t\t\t\t\t\t\t\t\t\t\t\t\t<\/div>\n\t\t\t\t<div class=\"elementor-element elementor-element-6f987e6 elementor-widget elementor-widget-image\" data-id=\"6f987e6\" data-element_type=\"widget\" data-widget_type=\"image.default\">\n\t\t\t\t\t\t\t\t\t\t\t\t\t\t\t<img decoding=\"async\" width=\"80\" height=\"80\" src=\"https:\/\/ea35tq5wi2i.exactdn.com\/wp-content\/uploads\/2024\/03\/producteurfrancais_lavande_bio.png?strip=all&amp;quality=90&amp;webp=90&amp;avif=70&amp;fit=80%2C80\" class=\"attachment-large size-large wp-image-11293\" alt=\"\" title=\"\">\t\t\t\t\t\t\t\t\t\t\t\t\t\t\t<\/div>\n\t\t\t\t<\/div>\n\t\t\t\t\t<\/div>\n\t\t\t\t<\/div>\n\t\t\t\t<\/div>\n\t\t\n<p>Notre lavande super bleu est le fruit d&#8217;un <strong>savoir-faire familial de quatre g\u00e9n\u00e9rations<\/strong>, cultivant la lavande sur le <strong>plateau de Valensole<\/strong>. Notre engagement en <strong>agriculture biologique depuis 20<\/strong> ans fait de nous des pionniers, experts dans notre domaine.<br \/>\nCette vari\u00e9t\u00e9 de lavande est la plus adapt\u00e9e de toutes les vari\u00e9t\u00e9s pour les bouquets de lavande s\u00e9ch\u00e9es car contrairement aux autres vari\u00e9t\u00e9s en s\u00e9chant elle va garder un bleu profond qui perdurera dans le temps.<br \/>\nParfaite pour la d\u00e9coration de votre int\u00e9rieur ou la cr\u00e9ation de compositions florales ou bien la d\u00e9coration de vos \u00e9v\u00e9nements mariages bat\u00eames etc.<\/p>\n\t\t<div data-elementor-type=\"section\" data-elementor-id=\"16708\" class=\"elementor elementor-16708\" data-elementor-post-type=\"elementor_library\">\n\t\t\t<div class=\"elementor-element elementor-element-ddd4bdd e-con-full e-flex e-con e-parent\" data-id=\"ddd4bdd\" data-element_type=\"container\">\n\t\t\t\t<div class=\"elementor-element elementor-element-70a3b23 elementor-widget elementor-widget-text-editor\" data-id=\"70a3b23\" data-element_type=\"widget\" data-widget_type=\"text-editor.default\">\n\t\t\t\t\t\t\t\t\t<ul><li><a href=\"https:\/\/www.lavande-bio.fr\/wp-content\/uploads\/2025\/12\/fiche-chromato-lavande-2025.pdf\" target=\"_blank\" rel=\"noopener\">Consultez la chromato lavande 2025<\/a><\/li><li><a href=\"https:\/\/www.lavande-bio.fr\/wp-content\/uploads\/2025\/12\/certificat-allergenes-lavande-2025.pdf\" target=\"_blank\" rel=\"noopener\">Consultez le certificat allerg\u00e8nes lavande 2025<\/a><\/li><li><a href=\"https:\/\/www.lavande-bio.fr\/wp-content\/uploads\/2025\/12\/certificat-IFRA-lavande-2025.pdf\" target=\"_blank\" rel=\"noopener\">Consultez le certificat IFRA lavande 2025<\/a><\/li><li><a href=\"https:\/\/www.lavande-bio.fr\/wp-content\/uploads\/2025\/12\/fiche-donnees-securite-lavande-2025.pdf\" target=\"_blank\" rel=\"noopener\">Consultez la fiche de donn\u00e9es de s\u00e9curit\u00e9 lavande 2025<\/a><\/li><\/ul>\t\t\t\t\t\t\t\t<\/div>\n\t\t\t\t<\/div>\n\t\t\t\t<\/div>\n\t\t\n","protected":false},"excerpt":{"rendered":"<p>D\u00e9couvrez notre lavande super bleu! une couleur envoutante qui sublimera votre int\u00e9rieur ou vos compositions florales en durant dans le temps.<br \/>\nElle peut aussi vous accompagner dans les \u00e9v\u00e9nements importants de votre vie par exemple pour un mariage  au couleurs proven\u00e7ale.<br \/>\nChez nous ont dit que cette plante porte bonheur!!<\/p>\n<p><strong>100% biologique pure et naturelle.<\/strong><br \/>\n<strong>Cultiv\u00e9e, r\u00e9colt\u00e9e et distill\u00e9e \u00e0 Valensole 04210 FRANCE.<\/strong><\/p>\n","protected":false},"featured_media":17000,"comment_status":"open","ping_status":"closed","template":"","meta":{"_acf_changed":false},"pwb-brand":[],"product_brand":[],"product_cat":[271,197,15],"product_tag":[],"giftcard-category":[],"class_list":{"0":"post-16999","1":"product","2":"type-product","3":"status-publish","4":"has-post-thumbnail","6":"product_cat-fleurs","7":"product_cat-hydrolats-et-fleurs-de-lavande","8":"product_cat-non-classe","10":"first","11":"instock","12":"taxable","13":"shipping-taxable","14":"purchasable","15":"product-type-simple"},"acf":[],"brands":[],"_links":{"self":[{"href":"https:\/\/www.lavande-bio.fr\/en\/wp-json\/wp\/v2\/product\/16999","targetHints":{"allow":["GET"]}}],"collection":[{"href":"https:\/\/www.lavande-bio.fr\/en\/wp-json\/wp\/v2\/product"}],"about":[{"href":"https:\/\/www.lavande-bio.fr\/en\/wp-json\/wp\/v2\/types\/product"}],"replies":[{"embeddable":true,"href":"https:\/\/www.lavande-bio.fr\/en\/wp-json\/wp\/v2\/comments?post=16999"}],"wp:featuredmedia":[{"embeddable":true,"href":"https:\/\/www.lavande-bio.fr\/en\/wp-json\/wp\/v2\/media\/17000"}],"wp:attachment":[{"href":"https:\/\/www.lavande-bio.fr\/en\/wp-json\/wp\/v2\/media?parent=16999"}],"wp:term":[{"taxonomy":"pwb-brand","embeddable":true,"href":"https:\/\/www.lavande-bio.fr\/en\/wp-json\/wp\/v2\/pwb-brand?post=16999"},{"taxonomy":"product_brand","embeddable":true,"href":"https:\/\/www.lavande-bio.fr\/en\/wp-json\/wp\/v2\/product_brand?post=16999"},{"taxonomy":"product_cat","embeddable":true,"href":"https:\/\/www.lavande-bio.fr\/en\/wp-json\/wp\/v2\/product_cat?post=16999"},{"taxonomy":"product_tag","embeddable":true,"href":"https:\/\/www.lavande-bio.fr\/en\/wp-json\/wp\/v2\/product_tag?post=16999"},{"taxonomy":"giftcard-category","embeddable":true,"href":"https:\/\/www.lavande-bio.fr\/en\/wp-json\/wp\/v2\/giftcard-category?post=16999"}],"curies":[{"name":"wp","href":"https:\/\/api.w.org\/{rel}","templated":true}]}}